{"id":1514,"date":"2024-01-22T17:56:17","date_gmt":"2024-01-22T16:56:17","guid":{"rendered":"https:\/\/seinmer-wildnis.com\/?page_id=1514"},"modified":"2025-11-24T18:17:52","modified_gmt":"2025-11-24T17:17:52","slug":"home-entwurf","status":"publish","type":"page","link":"https:\/\/seinmer-wildnis.com\/it\/","title":{"rendered":"Casa"},"content":{"rendered":"<div data-elementor-type=\"wp-page\" data-elementor-id=\"1514\" class=\"elementor elementor-1514\" data-elementor-post-type=\"page\">\n\t\t\t\t\t\t<section class=\"elementor-section elementor-top-section elementor-element elementor-element-5d2a68a4 elementor-section-boxed elementor-section-height-default elementor-section-height-default\" data-id=\"5d2a68a4\" data-element_type=\"section\">\n\t\t\t\t\t\t<div class=\"elementor-container elementor-column-gap-default\">\n\t\t\t\t\t<div class=\"elementor-column elementor-col-100 elementor-top-column elementor-element elementor-element-4220465a\" data-id=\"4220465a\" data-element_type=\"column\">\n\t\t\t<div class=\"elementor-widget-wrap elementor-element-populated\">\n\t\t\t\t\t\t<div class=\"elementor-element elementor-element-784de69 elementor-widget elementor-widget-spacer\" data-id=\"784de69\" data-element_type=\"widget\" data-widget_type=\"spacer.default\">\n\t\t\t\t<div class=\"elementor-widget-container\">\n\t\t\t\t\t<div class=\"elementor-spacer\">\n\t\t\t<div class=\"elementor-spacer-inner\"><\/div>\n\t\t<\/div>\n\t\t\t\t<\/div>\n\t\t\t\t<\/div>\n\t\t\t\t<div class=\"elementor-element elementor-element-48ef36a elementor-widget elementor-widget-shortcode\" data-id=\"48ef36a\" data-element_type=\"widget\" data-widget_type=\"shortcode.default\">\n\t\t\t\t<div class=\"elementor-widget-container\">\n\t\t\t\t\t<div class=\"elementor-shortcode\">\n<\/div>\n\t\t\t\t<\/div>\n\t\t\t\t<\/div>\n\t\t\t\t\t<\/div>\n\t\t<\/div>\n\t\t\t\t\t<\/div>\n\t\t<\/section>\n\t\t\t\t<section class=\"elementor-section elementor-top-section elementor-element elementor-element-55a62ca elementor-section-boxed elementor-section-height-default elementor-section-height-default\" data-id=\"55a62ca\" data-element_type=\"section\">\n\t\t\t\t\t\t<div class=\"elementor-container elementor-column-gap-default\">\n\t\t\t\t\t<div class=\"elementor-column elementor-col-100 elementor-top-column elementor-element elementor-element-f3907fb\" data-id=\"f3907fb\" data-element_type=\"column\">\n\t\t\t<div class=\"elementor-widget-wrap elementor-element-populated\">\n\t\t\t\t\t\t<div class=\"elementor-element elementor-element-ef6ccd8 elementor-widget elementor-widget-spacer\" data-id=\"ef6ccd8\" data-element_type=\"widget\" data-widget_type=\"spacer.default\">\n\t\t\t\t<div class=\"elementor-widget-container\">\n\t\t\t\t\t<div class=\"elementor-spacer\">\n\t\t\t<div class=\"elementor-spacer-inner\"><\/div>\n\t\t<\/div>\n\t\t\t\t<\/div>\n\t\t\t\t<\/div>\n\t\t\t\t<div class=\"elementor-element elementor-element-4a4a230 elementor-widget elementor-widget-text-editor\" data-id=\"4a4a230\" data-element_type=\"widget\" data-widget_type=\"text-editor.default\">\n\t\t\t\t<div class=\"elementor-widget-container\">\n\t\t\t\t\t\t\t<p>Siamo una rete di pedagogist* del selvatico dell'Alto Adige.<br \/>Il nostro nome \"Wildnisp\u00e4dagogen Sein Mer\" vuole esprimere questa nostra rete. La nostra intenzione \u00e8 portare questo messaggio nel mondo.<\/p>\t\t\t\t\t\t<\/div>\n\t\t\t\t<\/div>\n\t\t\t\t<div class=\"elementor-element elementor-element-57e8ba8 elementor-widget elementor-widget-spacer\" data-id=\"57e8ba8\" data-element_type=\"widget\" data-widget_type=\"spacer.default\">\n\t\t\t\t<div class=\"elementor-widget-container\">\n\t\t\t\t\t<div class=\"elementor-spacer\">\n\t\t\t<div class=\"elementor-spacer-inner\"><\/div>\n\t\t<\/div>\n\t\t\t\t<\/div>\n\t\t\t\t<\/div>\n\t\t\t\t\t<\/div>\n\t\t<\/div>\n\t\t\t\t\t<\/div>\n\t\t<\/section>\n\t\t\t\t<section class=\"elementor-section elementor-top-section elementor-element elementor-element-6ab85e8 elementor-section-boxed elementor-section-height-default elementor-section-height-default\" data-id=\"6ab85e8\" data-element_type=\"section\">\n\t\t\t\t\t\t<div class=\"elementor-container elementor-column-gap-default\">\n\t\t\t\t\t<div class=\"elementor-column elementor-col-33 elementor-top-column elementor-element elementor-element-6dc3de0\" data-id=\"6dc3de0\" data-element_type=\"column\">\n\t\t\t<div class=\"elementor-widget-wrap elementor-element-populated\">\n\t\t\t\t\t\t<div class=\"elementor-element elementor-element-eb59dbc elementor-widget elementor-widget-heading\" data-id=\"eb59dbc\" data-element_type=\"widget\" data-widget_type=\"heading.default\">\n\t\t\t\t<div class=\"elementor-widget-container\">\n\t\t\t<h1 class=\"elementor-heading-title elementor-size-default\">Perch\u00e9 sei parte di <br> di un insieme pi\u00f9 grande...<\/h1>\t\t<\/div>\n\t\t\t\t<\/div>\n\t\t\t\t\t<\/div>\n\t\t<\/div>\n\t\t\t\t<div class=\"elementor-column elementor-col-33 elementor-top-column elementor-element elementor-element-f05bf02\" data-id=\"f05bf02\" data-element_type=\"column\">\n\t\t\t<div class=\"elementor-widget-wrap elementor-element-populated\">\n\t\t\t\t\t\t<div class=\"elementor-element elementor-element-5a96779 elementor-widget elementor-widget-text-editor\" data-id=\"5a96779\" data-element_type=\"widget\" data-widget_type=\"text-editor.default\">\n\t\t\t\t<div class=\"elementor-widget-container\">\n\t\t\t\t\t\t\t<div class=\"wp-block-column\"><p>\"Sein Mer\" \u00e8 un'espressione dialettale che significa \"Noi siamo\". Il nostro nome \u00e8 sinonimo di uno stile di vita: la consapevolezza della propria esistenza, della comunit\u00e0 e dell'unit\u00e0 con la natura. Vogliamo diffondere questo messaggio.<\/p><\/div>\t\t\t\t\t\t<\/div>\n\t\t\t\t<\/div>\n\t\t\t\t\t<\/div>\n\t\t<\/div>\n\t\t\t\t<div class=\"elementor-column elementor-col-33 elementor-top-column elementor-element elementor-element-10bf539\" data-id=\"10bf539\" data-element_type=\"column\">\n\t\t\t<div class=\"elementor-widget-wrap elementor-element-populated\">\n\t\t\t\t\t\t<div class=\"elementor-element elementor-element-8876733 elementor-widget elementor-widget-text-editor\" data-id=\"8876733\" data-element_type=\"widget\" data-widget_type=\"text-editor.default\">\n\t\t\t\t<div class=\"elementor-widget-container\">\n\t\t\t\t\t\t\t<div class=\"wp-block-column\"><p>La rete \"Sein Mer\" \u00e8 stata creata nel 2014 per riunire persone con la stessa attitudine e per ampliare le nostre conoscenze ed esperienze.<\/p><\/div>\t\t\t\t\t\t<\/div>\n\t\t\t\t<\/div>\n\t\t\t\t\t<\/div>\n\t\t<\/div>\n\t\t\t\t\t<\/div>\n\t\t<\/section>\n\t\t\t\t<section class=\"elementor-section elementor-top-section elementor-element elementor-element-041379f elementor-section-boxed elementor-section-height-default elementor-section-height-default\" data-id=\"041379f\" data-element_type=\"section\">\n\t\t\t\t\t\t<div class=\"elementor-container elementor-column-gap-default\">\n\t\t\t\t\t<div class=\"elementor-column elementor-col-100 elementor-top-column elementor-element elementor-element-8a88a39\" data-id=\"8a88a39\" data-element_type=\"column\">\n\t\t\t<div class=\"elementor-widget-wrap elementor-element-populated\">\n\t\t\t\t\t\t<div class=\"elementor-element elementor-element-4a99806 elementor-widget elementor-widget-spacer\" data-id=\"4a99806\" data-element_type=\"widget\" data-widget_type=\"spacer.default\">\n\t\t\t\t<div class=\"elementor-widget-container\">\n\t\t\t\t\t<div class=\"elementor-spacer\">\n\t\t\t<div class=\"elementor-spacer-inner\"><\/div>\n\t\t<\/div>\n\t\t\t\t<\/div>\n\t\t\t\t<\/div>\n\t\t\t\t\t<\/div>\n\t\t<\/div>\n\t\t\t\t\t<\/div>\n\t\t<\/section>\n\t\t\t\t<\/div>","protected":false},"excerpt":{"rendered":"<p>Siamo una rete di educatori della natura altoatesini e il nostro nome \"Sein Mer Wilderness Educators\" vuole esprimere la nostra immagine di rete di educatori della natura. Perch\u00e9 siete parte di un tutto... \"Sein Mer\" \u00e8 un'espressione dialettale che significa \"Noi siamo\". Il nostro nome \u00e8 sinonimo di uno stile di vita: la consapevolezza della propria esistenza, della comunit\u00e0 e dell'unit\u00e0 con la natura. Noi [...]<\/p>","protected":false},"author":2,"featured_media":0,"parent":0,"menu_order":0,"comment_status":"closed","ping_status":"closed","template":"","meta":{"_acf_changed":false,"_monsterinsights_skip_tracking":false,"_monsterinsights_sitenote_active":false,"_monsterinsights_sitenote_note":"","_monsterinsights_sitenote_category":0,"footnotes":""},"acf":[],"_links":{"self":[{"href":"https:\/\/seinmer-wildnis.com\/it\/wp-json\/wp\/v2\/pages\/1514"}],"collection":[{"href":"https:\/\/seinmer-wildnis.com\/it\/wp-json\/wp\/v2\/pages"}],"about":[{"href":"https:\/\/seinmer-wildnis.com\/it\/wp-json\/wp\/v2\/types\/page"}],"author":[{"embeddable":true,"href":"https:\/\/seinmer-wildnis.com\/it\/wp-json\/wp\/v2\/users\/2"}],"replies":[{"embeddable":true,"href":"https:\/\/seinmer-wildnis.com\/it\/wp-json\/wp\/v2\/comments?post=1514"}],"version-history":[{"count":10,"href":"https:\/\/seinmer-wildnis.com\/it\/wp-json\/wp\/v2\/pages\/1514\/revisions"}],"predecessor-version":[{"id":2868,"href":"https:\/\/seinmer-wildnis.com\/it\/wp-json\/wp\/v2\/pages\/1514\/revisions\/2868"}],"wp:attachment":[{"href":"https:\/\/seinmer-wildnis.com\/it\/wp-json\/wp\/v2\/media?parent=1514"}],"curies":[{"name":"wp","href":"https:\/\/api.w.org\/{rel}","templated":true}]}}